{"id":694,"date":"2024-07-09T15:09:46","date_gmt":"2024-07-09T15:09:46","guid":{"rendered":"https:\/\/utl-durance-provence.com\/?page_id=694"},"modified":"2024-07-09T15:09:46","modified_gmt":"2024-07-09T15:09:46","slug":"reglement-interieur","status":"publish","type":"page","link":"https:\/\/utl-durance-provence.com\/?page_id=694","title":{"rendered":"R\u00e8glement int\u00e9rieur"},"content":{"rendered":"<p>[et_pb_section fb_built=\u00a0\u00bb1&Prime; next_background_color=\u00a0\u00bb#ffffff\u00a0\u00bb admin_label=\u00a0\u00bbHeader\u00a0\u00bb _builder_version=\u00a0\u00bb4.16&Prime; _module_preset=\u00a0\u00bbdefault\u00a0\u00bb background_color=\u00a0\u00bb#fff2f2&Prime; custom_padding=\u00a0\u00bb||1px||false|false\u00a0\u00bb bottom_divider_style=\u00a0\u00bbwave\u00a0\u00bb bottom_divider_height=\u00a0\u00bb210px\u00a0\u00bb bottom_divider_flip=\u00a0\u00bbhorizontal\u00a0\u00bb global_colors_info=\u00a0\u00bb{}\u00a0\u00bb theme_builder_area=\u00a0\u00bbpost_content\u00a0\u00bb][et_pb_row column_structure=\u00a0\u00bb3_5,2_5&Prime; _builder_version=\u00a0\u00bb4.16&Prime; _module_preset=\u00a0\u00bbdefault\u00a0\u00bb global_colors_info=\u00a0\u00bb{}\u00a0\u00bb theme_builder_area=\u00a0\u00bbpost_content\u00a0\u00bb][et_pb_column type=\u00a0\u00bb3_5&Prime; _builder_version=\u00a0\u00bb4.16&Prime; _module_preset=\u00a0\u00bbdefault\u00a0\u00bb global_colors_info=\u00a0\u00bb{}\u00a0\u00bb theme_builder_area=\u00a0\u00bbpost_content\u00a0\u00bb][et_pb_text _builder_version=\u00a0\u00bb4.16&Prime; _module_preset=\u00a0\u00bbe864d11f-3dab-4fa3-ac06-4f0e1a260807&Prime; header_font=\u00a0\u00bbHeebo|700|||||||\u00a0\u00bb header_text_color=\u00a0\u00bb#15414a\u00a0\u00bb header_font_size=\u00a0\u00bb75px\u00a0\u00bb header_line_height=\u00a0\u00bb1.1em\u00a0\u00bb custom_margin=\u00a0\u00bb||10px||false|false\u00a0\u00bb header_font_size_tablet=\u00a0\u00bb40px\u00a0\u00bb header_font_size_phone=\u00a0\u00bb24px\u00a0\u00bb header_font_size_last_edited=\u00a0\u00bbon|desktop\u00a0\u00bb global_colors_info=\u00a0\u00bb{}\u00a0\u00bb theme_builder_area=\u00a0\u00bbpost_content\u00a0\u00bb]<\/p>\n<h1>R\u00e8glement int\u00e9rieur de l&rsquo;association<\/h1>\n<p>[\/et_pb_text][\/et_pb_column][et_pb_column type=\u00a0\u00bb2_5&Prime; _builder_version=\u00a0\u00bb4.16&Prime; _module_preset=\u00a0\u00bbdefault\u00a0\u00bb global_colors_info=\u00a0\u00bb{}\u00a0\u00bb theme_builder_area=\u00a0\u00bbpost_content\u00a0\u00bb][et_pb_divider color=\u00a0\u00bb#15414A\u00a0\u00bb divider_weight=\u00a0\u00bb4px\u00a0\u00bb _builder_version=\u00a0\u00bb4.16&Prime; _module_preset=\u00a0\u00bbdefault\u00a0\u00bb positioning=\u00a0\u00bbabsolute\u00a0\u00bb position_origin_a=\u00a0\u00bbcenter_left\u00a0\u00bb z_index=\u00a0\u00bb1&Prime; width=\u00a0\u00bb200px\u00a0\u00bb height=\u00a0\u00bb4px\u00a0\u00bb custom_margin=\u00a0\u00bb||0px||false|false\u00a0\u00bb global_colors_info=\u00a0\u00bb{}\u00a0\u00bb theme_builder_area=\u00a0\u00bbpost_content\u00a0\u00bb][\/et_pb_divider][et_pb_divider show_divider=\u00a0\u00bboff\u00a0\u00bb _builder_version=\u00a0\u00bb4.16&Prime; _module_preset=\u00a0\u00bbdefault\u00a0\u00bb background_color=\u00a0\u00bb#FF5D67&Prime; width=\u00a0\u00bb200px\u00a0\u00bb height=\u00a0\u00bb200px\u00a0\u00bb height_tablet=\u00a0\u00bb20px\u00a0\u00bb height_phone=\u00a0\u00bb20px\u00a0\u00bb height_last_edited=\u00a0\u00bbon|tablet\u00a0\u00bb custom_margin=\u00a0\u00bb|||100px|false|false\u00a0\u00bb border_radii=\u00a0\u00bboff|100px||100px|100px\u00a0\u00bb global_colors_info=\u00a0\u00bb{}\u00a0\u00bb theme_builder_area=\u00a0\u00bbpost_content\u00a0\u00bb][\/et_pb_divider][\/et_pb_column][\/et_pb_row][et_pb_row column_structure=\u00a0\u00bb1_4,1_2,1_4&Prime; _builder_version=\u00a0\u00bb4.16&Prime; _module_preset=\u00a0\u00bbdefault\u00a0\u00bb z_index=\u00a0\u00bb20&Prime; global_colors_info=\u00a0\u00bb{}\u00a0\u00bb theme_builder_area=\u00a0\u00bbpost_content\u00a0\u00bb][et_pb_column type=\u00a0\u00bb1_4&Prime; _builder_version=\u00a0\u00bb4.16&Prime; _module_preset=\u00a0\u00bbdefault\u00a0\u00bb global_colors_info=\u00a0\u00bb{}\u00a0\u00bb theme_builder_area=\u00a0\u00bbpost_content\u00a0\u00bb][\/et_pb_column][et_pb_column type=\u00a0\u00bb1_2&Prime; _builder_version=\u00a0\u00bb4.16&Prime; _module_preset=\u00a0\u00bbdefault\u00a0\u00bb global_colors_info=\u00a0\u00bb{}\u00a0\u00bb theme_builder_area=\u00a0\u00bbpost_content\u00a0\u00bb][et_pb_text _builder_version=\u00a0\u00bb4.16&Prime; _module_preset=\u00a0\u00bbe864d11f-3dab-4fa3-ac06-4f0e1a260807&Prime; header_font=\u00a0\u00bbHeebo|700|||||||\u00a0\u00bb header_text_color=\u00a0\u00bb#15414a\u00a0\u00bb header_font_size=\u00a0\u00bb75px\u00a0\u00bb header_line_height=\u00a0\u00bb1.1em\u00a0\u00bb custom_margin=\u00a0\u00bb||10px||false|false\u00a0\u00bb header_font_size_tablet=\u00a0\u00bb40px\u00a0\u00bb header_font_size_phone=\u00a0\u00bb24px\u00a0\u00bb header_font_size_last_edited=\u00a0\u00bbon|desktop\u00a0\u00bb global_colors_info=\u00a0\u00bb{}\u00a0\u00bb theme_builder_area=\u00a0\u00bbpost_content\u00a0\u00bb]<\/p>\n<h4 style=\"text-align: center;\"><b>R\u00c8GLEMENT INT\u00c9RIEUR <\/b><\/h4>\n<h4 style=\"text-align: center;\"><b>\u00c0 L&rsquo;ATTENTION DES ENSEIGNANTS<\/b><\/h4>\n<h4 style=\"text-align: center;\"><b>\u00a0de l&rsquo;Association <\/b><\/h4>\n<h4 style=\"text-align: center;\"><b>\u00ab\u00a0Universit\u00e9 du Temps Libre Durance Provence\u00a0\u00bb<\/b><\/h4>\n<p>[\/et_pb_text][et_pb_text _builder_version=\u00a0\u00bb4.26.0&Prime; _module_preset=\u00a0\u00bb41d5859c-fbaa-458a-88e4-5d886857f235&Prime; text_font=\u00a0\u00bbInter||||||||\u00a0\u00bb text_text_color=\u00a0\u00bb#15414a\u00a0\u00bb text_font_size=\u00a0\u00bb18px\u00a0\u00bb text_line_height=\u00a0\u00bb1.8em\u00a0\u00bb hover_enabled=\u00a0\u00bb0&Prime; text_font_size_tablet=\u00a0\u00bb16px\u00a0\u00bb text_font_size_phone=\u00a0\u00bb14px\u00a0\u00bb text_font_size_last_edited=\u00a0\u00bbon|phone\u00a0\u00bb global_colors_info=\u00a0\u00bb{}\u00a0\u00bb theme_builder_area=\u00a0\u00bbpost_content\u00a0\u00bb sticky_enabled=\u00a0\u00bb0&Prime;]<\/p>\n<ul style=\"text-align: justify;\">\n<li style=\"font-weight: 400;\" aria-level=\"1\"><span style=\"font-weight: 400;\">Le pr\u00e9sent r\u00e8glement int\u00e9rieur a pour objet de d\u00e9terminer les modalit\u00e9s de votre participation \u00e0 une action d&rsquo;animation,\u00a0 de cours, stages, caf\u00e9s d\u00e9bats ou d\u00e9couvertes, conf\u00e9rences&#8230; dans le cadre de l&rsquo;Universit\u00e9 du Temps Libre Durance Provence pour l&rsquo;ann\u00e9e scolaire 2021\/2022, dans le respect des objectifs fix\u00e9s par celle-ci.<\/span><\/li>\n<li style=\"font-weight: 400;\" aria-level=\"1\"><span style=\"font-weight: 400;\">Tout enseignant doit \u00eatre au courant des Statuts, du R\u00e8glement Int\u00e9rieur, des r\u00e8gles de s\u00e9curit\u00e9 des locaux utilis\u00e9s. Il doit les accepter et les faire respecter. Il est responsable des locaux mis \u00e0 sa disposition pour ses cours. Il est responsable de ses \u00e9l\u00e8ves et doit veiller \u00e0 ce que ceux-ci respectent les autres occupants des locaux utilis\u00e9s par l&rsquo;UTL (associations,&#8230;), les locaux (salles de cours,&#8230;) et le mat\u00e9riel.<\/span><span style=\"font-weight: 400;\"><\/span><\/li>\n<li style=\"font-weight: 400;\" aria-level=\"1\"><span style=\"font-weight: 400;\">Tout enseignant signe un contrat avec l&rsquo;UTL Durance Provence. Ce contrat peut \u00eatre d\u00e9nonc\u00e9 en cours de p\u00e9riode soit par accord entre les parties, soit \u00e0 l\u2019initiative de l\u2019une d\u2019entre elles. Dans ce dernier cas, la d\u00e9nonciation doit faire l\u2019objet d\u2019un pr\u00e9avis d\u2019un mois En outre, si l\u2019enseignant ne respecte pas les termes du r\u00e8glement int\u00e9rieur de l&rsquo;UTL, celle-ci se r\u00e9serve le droit de mettre un terme imm\u00e9diat et sans pr\u00e9avis \u00e0 toute intervention de l\u2019enseignant.\u00a0<\/span><\/li>\n<li style=\"font-weight: 400;\" aria-level=\"1\"><span style=\"font-weight: 400;\">En cas d\u2019emp\u00eachement pour assurer sa prestation, l&rsquo;enseignant doit informer l\u2019UTL le plus t\u00f4t possible ainsi que ses \u00e9l\u00e8ves dont il doit s&rsquo;assurer d&rsquo;avoir leur N\u00b0 de t\u00e9l\u00e9phone ou leur adresse mail valide. L&rsquo;enseignant doit s&rsquo;entendre directement avec ses \u00e9l\u00e8ves en cas de changement d\u2019horaires ou d\u2019organisation exceptionnelle mais doit en avoir averti au pr\u00e9alable l&rsquo;UTL afin d&rsquo;en obtenir le feu vert (organisation du planning des salles). En l\u2019absence de r\u00e9alisation d&rsquo;une ou plusieurs s\u00e9ances de son fait, l&rsquo;enseignant ne sera pas r\u00e9mun\u00e9r\u00e9 pour ces heures.\u00a0<\/span><\/li>\n<li style=\"font-weight: 400;\" aria-level=\"1\"><span style=\"font-weight: 400;\">Certains enseignants au vue de leur emploi du temps se verront remettre un trousseau de clefs de la bo\u00eete aux lettres. Apr\u00e8s chaque cours, les enseignants doivent s&rsquo;assurer que toutes les salles sont ferm\u00e9es \u00e0 cl\u00e9, l&rsquo;\u00e9lectricit\u00e9 \u00e9teinte, les robinets ferm\u00e9s, les fen\u00eatres ferm\u00e9es, les toilettes propres, le mat\u00e9riel rang\u00e9 (vid\u00e9o projecteur, appareil audio, \u00e9cran projection mobile\u2026), les tableaux nettoy\u00e9s et les portes d&rsquo;entr\u00e9e ferm\u00e9es \u00e0 cl\u00e9.\u00a0<\/span><\/li>\n<li style=\"font-weight: 400;\" aria-level=\"1\"><span style=\"font-weight: 400;\">Le mat\u00e9riel affect\u00e9 \u00e0 certaines disciplines est sous la responsabilit\u00e9 de l&rsquo;enseignant concern\u00e9 (utilisation correcte, rangement \u2026). Le mat\u00e9riel emprunt\u00e9 doit \u00eatre rang\u00e9 dans le local apr\u00e8s le cours.\u00a0<\/span><\/li>\n<li style=\"font-weight: 400;\" aria-level=\"1\"><span style=\"font-weight: 400;\">Tout achat doit \u00eatre pr\u00e9vu et soumis \u00e0 l&rsquo;appr\u00e9ciation de la coll\u00e9giale. Il ne devra pas d\u00e9passer 10\u20ac par adh\u00e9rent et par s\u00e9ance pour les fournitures (sauf cas exceptionnel appr\u00e9ci\u00e9 par la coll\u00e9giale) et sera r\u00e9gl\u00e9 en m\u00eame temps que le cours ou le stage concern\u00e9.<\/span><\/li>\n<li style=\"font-weight: 400;\" aria-level=\"1\"><span style=\"font-weight: 400;\">L&rsquo;enseignant doit passer prendre le classeur d&rsquo;\u00e9margement au Local avant chaque cours et veiller \u00e0 ce qu&rsquo;il soit sign\u00e9 par ses \u00e9l\u00e8ves et remettre le classeur \u00e0 sa place apr\u00e8s les cours. Pour les enseignants dont les cours se passent hors de Peipin, ils sont autoris\u00e9s \u00e0 ramener le classeur en fin de mois. Le paiement des prestations est directement li\u00e9 \u00e0 ces documents.\u00a0<\/span><\/li>\n<li style=\"font-weight: 400;\" aria-level=\"1\"><span style=\"font-weight: 400;\">L&rsquo;enseignant doit signaler toute d\u00e9gradation ou dysfonctionnement du mat\u00e9riel ou probl\u00e8me dans une salle ou un b\u00e2timent le plus rapidement possible au bureau : en personne, t\u00e9l\u00e9phone, mail (04.92.62.60.59, <\/span><a href=\"mailto:utlduranceprovence04@gmail.com\"><span style=\"font-weight: 400;\">utlduranceprovence04@gmail.com<\/span><\/a><span style=\"font-weight: 400;\"> ).<\/span><\/li>\n<li style=\"font-weight: 400;\" aria-level=\"1\"><span style=\"font-weight: 400;\">L&rsquo;Universit\u00e9 du Temps Libre Durance Provence est une association et \u00e0 ce titre demande \u00e0 ses enseignants de se sentir concern\u00e9s par son bon fonctionnement et par la promotion de ses activit\u00e9s. <\/span><b>Dans ce but, nous vous demandons de bien vouloir faire signer la feuille d \u00e9margement \u00e0 chaque d\u00e9but de cours \u00e0 vos \u00e9l\u00e8ves -&gt;\u00a0 vous trouverez dans votre classeur.<\/b><\/li>\n<li style=\"font-weight: 400;\" aria-level=\"1\"><span style=\"font-weight: 400;\">Tout changement de lieux de cours, projet de voyages, visites de monuments doit \u00eatre soumis \u00e0 la coll\u00e9giale pour accord et organis\u00e9 si besoin par une commission cr\u00e9\u00e9e \u00e0 cet effet.<\/span><\/li>\n<li style=\"font-weight: 400;\" aria-level=\"1\"><span style=\"font-weight: 400;\">Les enseignants sont ma\u00eetres du contenu de leurs cours et de la p\u00e9dagogie utilis\u00e9e. Nous leur faisons confiance pour assurer les prestations de qualit\u00e9 attendue par les \u00e9l\u00e8ves.<\/span><\/li>\n<li style=\"font-weight: 400;\" aria-level=\"1\"><span style=\"font-weight: 400;\">Ils doivent :<\/span>\n<ul>\n<li style=\"font-weight: 400;\" aria-level=\"1\">Respecter les r\u00e8gles de d\u00e9ontologie et la la\u00efcit\u00e9<\/li>\n<li style=\"font-weight: 400;\" aria-level=\"1\">Respecter les \u00e9l\u00e8ves et s&rsquo;en faire respecter<\/li>\n<li style=\"font-weight: 400;\" aria-level=\"1\">\u00c9viter tout \u00e9cart de langage<\/li>\n<li style=\"font-weight: 400;\" aria-level=\"1\">Respecter l\u2019emploi du temps qui leur a \u00e9t\u00e9 attribu\u00e9. <b>Tout changement, occupation ponctuelle, rattrapage de cours et autres doit recevoir l\u2019autorisation pr\u00e9alable de la Coll\u00e9giale. <\/b><\/li>\n<li style=\"font-weight: 400;\" aria-level=\"1\">Informer r\u00e9guli\u00e8rement les instances statutaires (la Coll\u00e9giale) du fonctionnement de sa discipline.<\/li>\n<\/ul>\n<\/li>\n<\/ul>\n<p style=\"text-align: justify;\"><b><\/b><\/p>\n<ul style=\"text-align: justify;\">\n<li aria-level=\"1\"><span style=\"font-weight: 400;\">L&rsquo;UTL demande \u00e0 ses enseignants de participer\u00a0 \u00e0 la \u00a0\u00bbJourn\u00e9e Portes Ouvertes\u00a0\u00bb du mois de septembre chaque ann\u00e9e. Leur pr\u00e9sence est fortement recommand\u00e9e pour que leurs \u00e9l\u00e8ves puissent les rencontrer. Nos explications sur leur cours en cas d&rsquo;absence n&rsquo;auront pas la m\u00eame valeur que les leurs.<\/span><\/li>\n<\/ul>\n<p style=\"text-align: justify;\"><b><\/b><\/p>\n<ul style=\"text-align: justify;\">\n<li style=\"font-weight: 400;\" aria-level=\"1\"><span style=\"font-weight: 400;\">Les enseignants sont repr\u00e9sent\u00e9s au sein de la coll\u00e9giale par au moins un des leurs, \u00e9lu(s) pour 1 an. Les repr\u00e9sentants des enseignants ont les missions suivantes si n\u00e9cessaire : <\/span>\n<ul>\n<li style=\"font-weight: 400;\" aria-level=\"1\">Ils rendent compte des desiderata des autres enseignants ;<\/li>\n<li style=\"font-weight: 400;\" aria-level=\"1\">Ils rendent compte des probl\u00e8mes rencontr\u00e9s ;<\/li>\n<li style=\"font-weight: 400;\" aria-level=\"1\">Ils recensent les besoins en mat\u00e9riel, locaux ;<\/li>\n<li style=\"font-weight: 400;\" aria-level=\"1\">Ils sont l&rsquo;interface privil\u00e9gi\u00e9e avec la Coll\u00e9giale ;<\/li>\n<\/ul>\n<\/li>\n<\/ul>\n<ul style=\"text-align: justify;\">\n<li style=\"font-weight: 400;\" aria-level=\"1\"><span style=\"font-weight: 400;\">Photocopies\u00a0:<\/span><span style=\"font-weight: 400;\"> Les enseignants ont\u00a0 la possibilit\u00e9 de faire faire des photocopies pour leurs cours au bureau de l&rsquo;UTL (format A4). <\/span>Soit <b>aux heures d&rsquo;ouverture du bureau<\/b><span>, soit en envoyant leurs documents par mail au plus <\/span><b>tard 48h<\/b><span> avant le cours.<\/span><\/li>\n<\/ul>\n<ul style=\"text-align: justify;\">\n<li style=\"font-weight: 400;\" aria-level=\"1\"><span style=\"font-weight: 400;\">De son c\u00f4t\u00e9 l&rsquo;UTL Durance Provence s&rsquo;engage, dans la mesure de ses possibilit\u00e9s \u00e0 fournir aux enseignants les moyens d&rsquo;exercer leur activit\u00e9 dans de bonnes conditions (salle, mat\u00e9riel \u00e0 disposition, publicit\u00e9, accueil, etc&#8230;)<\/span><\/li>\n<\/ul>\n<p>[\/et_pb_text][\/et_pb_column][et_pb_column type=\u00a0\u00bb1_4&Prime; _builder_version=\u00a0\u00bb4.16&Prime; _module_preset=\u00a0\u00bbdefault\u00a0\u00bb global_colors_info=\u00a0\u00bb{}\u00a0\u00bb theme_builder_area=\u00a0\u00bbpost_content\u00a0\u00bb][\/et_pb_column][\/et_pb_row][et_pb_row _builder_version=\u00a0\u00bb4.16&Prime; _module_preset=\u00a0\u00bbdefault\u00a0\u00bb width=\u00a0\u00bb90%\u00a0\u00bb max_width=\u00a0\u00bbnone\u00a0\u00bb custom_margin=\u00a0\u00bb-4%||-2%||false|false\u00a0\u00bb global_colors_info=\u00a0\u00bb{}\u00a0\u00bb theme_builder_area=\u00a0\u00bbpost_content\u00a0\u00bb][et_pb_column type=\u00a0\u00bb4_4&Prime; _builder_version=\u00a0\u00bb4.16&Prime; _module_preset=\u00a0\u00bbdefault\u00a0\u00bb custom_padding=\u00a0\u00bb||||false|false\u00a0\u00bb global_colors_info=\u00a0\u00bb{}\u00a0\u00bb theme_builder_area=\u00a0\u00bbpost_content\u00a0\u00bb][et_pb_image src=\u00a0\u00bbhttps:\/\/utl-durance-provence.com\/wp-content\/uploads\/2023\/11\/book-club_illustration-10.png\u00a0\u00bb title_text=\u00a0\u00bbbook-club_illustration-10&Prime; align=\u00a0\u00bbright\u00a0\u00bb _builder_version=\u00a0\u00bb4.16&Prime; _module_preset=\u00a0\u00bbdefault\u00a0\u00bb transform_rotate=\u00a0\u00bb0deg|0deg|3deg\u00a0\u00bb width=\u00a0\u00bb35%\u00a0\u00bb module_alignment=\u00a0\u00bbleft\u00a0\u00bb custom_margin=\u00a0\u00bb||-4%||false|false\u00a0\u00bb global_colors_info=\u00a0\u00bb{}\u00a0\u00bb theme_builder_area=\u00a0\u00bbpost_content\u00a0\u00bb][\/et_pb_image][et_pb_image src=\u00a0\u00bbhttps:\/\/utl-durance-provence.com\/wp-content\/uploads\/2023\/11\/book-club_illustration-3.png\u00a0\u00bb title_text=\u00a0\u00bbbook-club_illustration-3&Prime; align=\u00a0\u00bbcenter\u00a0\u00bb _builder_version=\u00a0\u00bb4.16&Prime; _module_preset=\u00a0\u00bbdefault\u00a0\u00bb transform_rotate=\u00a0\u00bb0deg|0deg|-8deg\u00a0\u00bb positioning=\u00a0\u00bbabsolute\u00a0\u00bb position_origin_a=\u00a0\u00bbbottom_center\u00a0\u00bb horizontal_offset=\u00a0\u00bb40%\u00a0\u00bb z_index=\u00a0\u00bb20&Prime; width=\u00a0\u00bb25%\u00a0\u00bb custom_margin=\u00a0\u00bb40px||||false|false\u00a0\u00bb global_colors_info=\u00a0\u00bb{}\u00a0\u00bb theme_builder_area=\u00a0\u00bbpost_content\u00a0\u00bb][\/et_pb_image][et_pb_image src=\u00a0\u00bbhttps:\/\/utl-durance-provence.com\/wp-content\/uploads\/2023\/11\/bookclub-img-08.png\u00a0\u00bb title_text=\u00a0\u00bbbookclub-img-08&Prime; _builder_version=\u00a0\u00bb4.16&Prime; _module_preset=\u00a0\u00bbdefault\u00a0\u00bb transform_rotate=\u00a0\u00bb0deg|0deg|5deg\u00a0\u00bb positioning=\u00a0\u00bbabsolute\u00a0\u00bb position_origin_a=\u00a0\u00bbbottom_right\u00a0\u00bb vertical_offset=\u00a0\u00bb13%\u00a0\u00bb z_index=\u00a0\u00bb20&Prime; width=\u00a0\u00bb30%\u00a0\u00bb custom_margin=\u00a0\u00bb||||false|false\u00a0\u00bb global_colors_info=\u00a0\u00bb{}\u00a0\u00bb theme_builder_area=\u00a0\u00bbpost_content\u00a0\u00bb][\/et_pb_image][\/et_pb_column][\/et_pb_row][\/et_pb_section]<\/p>\n","protected":false},"excerpt":{"rendered":"<p>R\u00e8glement int\u00e9rieur de l&rsquo;associationR\u00c8GLEMENT INT\u00c9RIEUR \u00c0 L&rsquo;ATTENTION DES ENSEIGNANTS \u00a0de l&rsquo;Association \u00ab\u00a0Universit\u00e9 du Temps Libre Durance Provence\u00a0\u00bb Le pr\u00e9sent r\u00e8glement int\u00e9rieur a pour objet de d\u00e9terminer les modalit\u00e9s de votre participation \u00e0 une action d&rsquo;animation,\u00a0 de cours, stages, caf\u00e9s d\u00e9bats ou d\u00e9couvertes, conf\u00e9rences&#8230; dans le cadre de l&rsquo;Universit\u00e9 du Temps Libre Durance Provence pour l&rsquo;ann\u00e9e [&hellip;]<\/p>\n","protected":false},"author":1,"featured_media":0,"parent":498,"menu_order":0,"comment_status":"closed","ping_status":"closed","template":"","meta":{"_et_pb_use_builder":"on","_et_pb_old_content":"","_et_gb_content_width":"","footnotes":""},"class_list":["post-694","page","type-page","status-publish","hentry"],"yoast_head":"<!-- This site is optimized with the Yoast SEO plugin v27.3 - https:\/\/yoast.com\/product\/yoast-seo-wordpress\/ -->\n<title>R\u00e8glement int\u00e9rieur - UTL Durance Provence<\/title>\n<meta name=\"robots\" content=\"index, follow, max-snippet:-1, max-image-preview:large, max-video-preview:-1\" \/>\n<link rel=\"canonical\" href=\"https:\/\/utl-durance-provence.com\/?page_id=694\" \/>\n<meta property=\"og:locale\" content=\"fr_FR\" \/>\n<meta property=\"og:type\" content=\"article\" \/>\n<meta property=\"og:title\" content=\"R\u00e8glement int\u00e9rieur - UTL Durance Provence\" \/>\n<meta property=\"og:description\" content=\"R\u00e8glement int\u00e9rieur de l&#039;associationR\u00c8GLEMENT INT\u00c9RIEUR \u00c0 L&#039;ATTENTION DES ENSEIGNANTS \u00a0de l&#039;Association &quot;Universit\u00e9 du Temps Libre Durance Provence&quot; Le pr\u00e9sent r\u00e8glement int\u00e9rieur a pour objet de d\u00e9terminer les modalit\u00e9s de votre participation \u00e0 une action d&#039;animation,\u00a0 de cours, stages, caf\u00e9s d\u00e9bats ou d\u00e9couvertes, conf\u00e9rences... dans le cadre de l&#039;Universit\u00e9 du Temps Libre Durance Provence pour l&#039;ann\u00e9e [&hellip;]\" \/>\n<meta property=\"og:url\" content=\"https:\/\/utl-durance-provence.com\/?page_id=694\" \/>\n<meta property=\"og:site_name\" content=\"UTL Durance Provence\" \/>\n<meta name=\"twitter:card\" content=\"summary_large_image\" \/>\n<script type=\"application\/ld+json\" class=\"yoast-schema-graph\">{\"@context\":\"https:\\\/\\\/schema.org\",\"@graph\":[{\"@type\":\"WebPage\",\"@id\":\"https:\\\/\\\/utl-durance-provence.com\\\/?page_id=694\",\"url\":\"https:\\\/\\\/utl-durance-provence.com\\\/?page_id=694\",\"name\":\"R\u00e8glement int\u00e9rieur - UTL Durance Provence\",\"isPartOf\":{\"@id\":\"https:\\\/\\\/utl-durance-provence.com\\\/#website\"},\"datePublished\":\"2024-07-09T15:09:46+00:00\",\"breadcrumb\":{\"@id\":\"https:\\\/\\\/utl-durance-provence.com\\\/?page_id=694#breadcrumb\"},\"inLanguage\":\"fr-FR\",\"potentialAction\":[{\"@type\":\"ReadAction\",\"target\":[\"https:\\\/\\\/utl-durance-provence.com\\\/?page_id=694\"]}]},{\"@type\":\"BreadcrumbList\",\"@id\":\"https:\\\/\\\/utl-durance-provence.com\\\/?page_id=694#breadcrumb\",\"itemListElement\":[{\"@type\":\"ListItem\",\"position\":1,\"name\":\"Accueil\",\"item\":\"https:\\\/\\\/utl-durance-provence.com\\\/\"},{\"@type\":\"ListItem\",\"position\":2,\"name\":\"L&rsquo;association\",\"item\":\"https:\\\/\\\/utl-durance-provence.com\\\/?page_id=498\"},{\"@type\":\"ListItem\",\"position\":3,\"name\":\"R\u00e8glement int\u00e9rieur\"}]},{\"@type\":\"WebSite\",\"@id\":\"https:\\\/\\\/utl-durance-provence.com\\\/#website\",\"url\":\"https:\\\/\\\/utl-durance-provence.com\\\/\",\"name\":\"UTL Durance Provence\",\"description\":\"Se Former, Savoir, Echanger, Apprendre\",\"potentialAction\":[{\"@type\":\"SearchAction\",\"target\":{\"@type\":\"EntryPoint\",\"urlTemplate\":\"https:\\\/\\\/utl-durance-provence.com\\\/?s={search_term_string}\"},\"query-input\":{\"@type\":\"PropertyValueSpecification\",\"valueRequired\":true,\"valueName\":\"search_term_string\"}}],\"inLanguage\":\"fr-FR\"}]}<\/script>\n<!-- \/ Yoast SEO plugin. -->","yoast_head_json":{"title":"R\u00e8glement int\u00e9rieur - UTL Durance Provence","robots":{"index":"index","follow":"follow","max-snippet":"max-snippet:-1","max-image-preview":"max-image-preview:large","max-video-preview":"max-video-preview:-1"},"canonical":"https:\/\/utl-durance-provence.com\/?page_id=694","og_locale":"fr_FR","og_type":"article","og_title":"R\u00e8glement int\u00e9rieur - UTL Durance Provence","og_description":"R\u00e8glement int\u00e9rieur de l'associationR\u00c8GLEMENT INT\u00c9RIEUR \u00c0 L'ATTENTION DES ENSEIGNANTS \u00a0de l'Association \"Universit\u00e9 du Temps Libre Durance Provence\" Le pr\u00e9sent r\u00e8glement int\u00e9rieur a pour objet de d\u00e9terminer les modalit\u00e9s de votre participation \u00e0 une action d'animation,\u00a0 de cours, stages, caf\u00e9s d\u00e9bats ou d\u00e9couvertes, conf\u00e9rences... dans le cadre de l'Universit\u00e9 du Temps Libre Durance Provence pour l'ann\u00e9e [&hellip;]","og_url":"https:\/\/utl-durance-provence.com\/?page_id=694","og_site_name":"UTL Durance Provence","twitter_card":"summary_large_image","schema":{"@context":"https:\/\/schema.org","@graph":[{"@type":"WebPage","@id":"https:\/\/utl-durance-provence.com\/?page_id=694","url":"https:\/\/utl-durance-provence.com\/?page_id=694","name":"R\u00e8glement int\u00e9rieur - UTL Durance Provence","isPartOf":{"@id":"https:\/\/utl-durance-provence.com\/#website"},"datePublished":"2024-07-09T15:09:46+00:00","breadcrumb":{"@id":"https:\/\/utl-durance-provence.com\/?page_id=694#breadcrumb"},"inLanguage":"fr-FR","potentialAction":[{"@type":"ReadAction","target":["https:\/\/utl-durance-provence.com\/?page_id=694"]}]},{"@type":"BreadcrumbList","@id":"https:\/\/utl-durance-provence.com\/?page_id=694#breadcrumb","itemListElement":[{"@type":"ListItem","position":1,"name":"Accueil","item":"https:\/\/utl-durance-provence.com\/"},{"@type":"ListItem","position":2,"name":"L&rsquo;association","item":"https:\/\/utl-durance-provence.com\/?page_id=498"},{"@type":"ListItem","position":3,"name":"R\u00e8glement int\u00e9rieur"}]},{"@type":"WebSite","@id":"https:\/\/utl-durance-provence.com\/#website","url":"https:\/\/utl-durance-provence.com\/","name":"UTL Durance Provence","description":"Se Former, Savoir, Echanger, Apprendre","potentialAction":[{"@type":"SearchAction","target":{"@type":"EntryPoint","urlTemplate":"https:\/\/utl-durance-provence.com\/?s={search_term_string}"},"query-input":{"@type":"PropertyValueSpecification","valueRequired":true,"valueName":"search_term_string"}}],"inLanguage":"fr-FR"}]}},"jetpack_sharing_enabled":true,"_links":{"self":[{"href":"https:\/\/utl-durance-provence.com\/index.php?rest_route=\/wp\/v2\/pages\/694","targetHints":{"allow":["GET"]}}],"collection":[{"href":"https:\/\/utl-durance-provence.com\/index.php?rest_route=\/wp\/v2\/pages"}],"about":[{"href":"https:\/\/utl-durance-provence.com\/index.php?rest_route=\/wp\/v2\/types\/page"}],"author":[{"embeddable":true,"href":"https:\/\/utl-durance-provence.com\/index.php?rest_route=\/wp\/v2\/users\/1"}],"replies":[{"embeddable":true,"href":"https:\/\/utl-durance-provence.com\/index.php?rest_route=%2Fwp%2Fv2%2Fcomments&post=694"}],"version-history":[{"count":2,"href":"https:\/\/utl-durance-provence.com\/index.php?rest_route=\/wp\/v2\/pages\/694\/revisions"}],"predecessor-version":[{"id":697,"href":"https:\/\/utl-durance-provence.com\/index.php?rest_route=\/wp\/v2\/pages\/694\/revisions\/697"}],"up":[{"embeddable":true,"href":"https:\/\/utl-durance-provence.com\/index.php?rest_route=\/wp\/v2\/pages\/498"}],"wp:attachment":[{"href":"https:\/\/utl-durance-provence.com\/index.php?rest_route=%2Fwp%2Fv2%2Fmedia&parent=694"}],"curies":[{"name":"wp","href":"https:\/\/api.w.org\/{rel}","templated":true}]}}