{"id":502,"date":"2023-11-06T08:39:00","date_gmt":"2023-11-06T08:39:00","guid":{"rendered":"https:\/\/utl-durance-provence.com\/?page_id=502"},"modified":"2024-12-23T08:39:41","modified_gmt":"2024-12-23T08:39:41","slug":"devenir-partenaires","status":"publish","type":"page","link":"https:\/\/utl-durance-provence.com\/?page_id=502","title":{"rendered":"Devenir partenaires"},"content":{"rendered":"<p>[et_pb_section fb_built=\u00a0\u00bb1&Prime; next_background_color=\u00a0\u00bb#FFF2F2&Prime; admin_label=\u00a0\u00bbHeader\u00a0\u00bb _builder_version=\u00a0\u00bb4.16&Prime; _module_preset=\u00a0\u00bbdefault\u00a0\u00bb background_color=\u00a0\u00bbgcid-bafd0c31-2a11-4c7d-b3a8-caae4a4218d9&Prime; custom_padding=\u00a0\u00bb||2px|||\u00a0\u00bb bottom_divider_style=\u00a0\u00bbwave\u00a0\u00bb bottom_divider_height=\u00a0\u00bb10vw\u00a0\u00bb global_colors_info=\u00a0\u00bb{%22gcid-bafd0c31-2a11-4c7d-b3a8-caae4a4218d9%22:%91%22background_color%22%93}\u00a0\u00bb][et_pb_row column_structure=\u00a0\u00bb1_2,1_2&Prime; _builder_version=\u00a0\u00bb4.16&Prime; _module_preset=\u00a0\u00bbdefault\u00a0\u00bb custom_padding=\u00a0\u00bb||4px|||\u00a0\u00bb locked=\u00a0\u00bboff\u00a0\u00bb global_colors_info=\u00a0\u00bb{}\u00a0\u00bb][et_pb_column type=\u00a0\u00bb1_2&Prime; _builder_version=\u00a0\u00bb4.16&Prime; _module_preset=\u00a0\u00bbdefault\u00a0\u00bb global_colors_info=\u00a0\u00bb{}\u00a0\u00bb][et_pb_text _builder_version=\u00a0\u00bb4.16&Prime; _module_preset=\u00a0\u00bbe864d11f-3dab-4fa3-ac06-4f0e1a260807&Prime; header_font=\u00a0\u00bbHeebo|700|||||||\u00a0\u00bb header_text_color=\u00a0\u00bb#15414a\u00a0\u00bb header_font_size=\u00a0\u00bb75px\u00a0\u00bb header_line_height=\u00a0\u00bb1.1em\u00a0\u00bb custom_margin=\u00a0\u00bb||10px||false|false\u00a0\u00bb header_font_size_tablet=\u00a0\u00bb40px\u00a0\u00bb header_font_size_phone=\u00a0\u00bb24px\u00a0\u00bb header_font_size_last_edited=\u00a0\u00bbon|desktop\u00a0\u00bb locked=\u00a0\u00bboff\u00a0\u00bb global_colors_info=\u00a0\u00bb{}\u00a0\u00bb]<\/p>\n<h1>Devenir Partenaires!<\/h1>\n<p>[\/et_pb_text][et_pb_image src=\u00a0\u00bbhttps:\/\/utl-durance-provence.com\/wp-content\/uploads\/2023\/11\/book-club_illustration-8.png\u00a0\u00bb title_text=\u00a0\u00bbbook-club_illustration-8&Prime; _builder_version=\u00a0\u00bb4.16&Prime; _module_preset=\u00a0\u00bbdefault\u00a0\u00bb max_height_tablet=\u00a0\u00bb300px\u00a0\u00bb max_height_phone=\u00a0\u00bb300px\u00a0\u00bb max_height_last_edited=\u00a0\u00bbon|tablet\u00a0\u00bb locked=\u00a0\u00bboff\u00a0\u00bb global_colors_info=\u00a0\u00bb{}\u00a0\u00bb][\/et_pb_image][\/et_pb_column][et_pb_column type=\u00a0\u00bb1_2&Prime; _builder_version=\u00a0\u00bb4.16&Prime; _module_preset=\u00a0\u00bbdefault\u00a0\u00bb global_colors_info=\u00a0\u00bb{}\u00a0\u00bb][et_pb_image src=\u00a0\u00bbhttps:\/\/utl-durance-provence.com\/wp-content\/uploads\/2023\/11\/image-mask-1.png\u00a0\u00bb title_text=\u00a0\u00bbimage-mask-1&Prime; _builder_version=\u00a0\u00bb4.16&Prime; _module_preset=\u00a0\u00bbdefault\u00a0\u00bb background_image=\u00a0\u00bbhttps:\/\/utl-durance-provence.com\/wp-content\/uploads\/2023\/11\/bookclub-img-05.jpg\u00a0\u00bb max_height_last_edited=\u00a0\u00bboff|tablet\u00a0\u00bb box_shadow_style=\u00a0\u00bbpreset7&Prime; box_shadow_horizontal=\u00a0\u00bb0px\u00a0\u00bb box_shadow_vertical=\u00a0\u00bb0px\u00a0\u00bb box_shadow_spread=\u00a0\u00bb1px\u00a0\u00bb box_shadow_color=\u00a0\u00bb#FFF2F2&Prime; locked=\u00a0\u00bboff\u00a0\u00bb global_colors_info=\u00a0\u00bb{}\u00a0\u00bb][\/et_pb_image][et_pb_text _builder_version=\u00a0\u00bb4.16&Prime; _module_preset=\u00a0\u00bbdf96b77a-cd4f-44a8-a771-2d6347592b53&Prime; header_2_font=\u00a0\u00bbHeebo|700|||||||\u00a0\u00bb header_2_text_color=\u00a0\u00bb#15414a\u00a0\u00bb header_2_font_size=\u00a0\u00bb55px\u00a0\u00bb header_2_line_height=\u00a0\u00bb1.1em\u00a0\u00bb custom_margin=\u00a0\u00bb||10px||false|false\u00a0\u00bb header_2_font_size_tablet=\u00a0\u00bb32px\u00a0\u00bb header_2_font_size_phone=\u00a0\u00bb20px\u00a0\u00bb header_2_font_size_last_edited=\u00a0\u00bbon|desktop\u00a0\u00bb locked=\u00a0\u00bboff\u00a0\u00bb global_colors_info=\u00a0\u00bb{}\u00a0\u00bb]<\/p>\n<h2>Votre participation est essentielle<\/h2>\n<h2><\/h2>\n<p>[\/et_pb_text][et_pb_text _builder_version=\u00a0\u00bb4.16&Prime; _module_preset=\u00a0\u00bb5ff55506-da7d-4dd7-b409-9d62c7203201&Prime; text_font=\u00a0\u00bbInter||||||||\u00a0\u00bb text_text_color=\u00a0\u00bb#15414a\u00a0\u00bb text_font_size=\u00a0\u00bb16px\u00a0\u00bb text_line_height=\u00a0\u00bb1.8em\u00a0\u00bb link_text_color=\u00a0\u00bb#FF5D67&Prime; text_font_size_tablet=\u00a0\u00bb15px\u00a0\u00bb text_font_size_phone=\u00a0\u00bb14px\u00a0\u00bb text_font_size_last_edited=\u00a0\u00bbon|phone\u00a0\u00bb header_font_size_tablet=\u00a0\u00bb55px\u00a0\u00bb header_font_size_last_edited=\u00a0\u00bboff|desktop\u00a0\u00bb locked=\u00a0\u00bboff\u00a0\u00bb global_colors_info=\u00a0\u00bb{}\u00a0\u00bb]<\/p>\n<p>Notre objectifs est le partage de la culture, du savoir par l&rsquo;\u00e9change des connaissances.<\/p>\n<p>Nous existons gr\u00e2ce \u00e0 nos membres, \u00e0 nos partenaires et aux aides re\u00e7us des diff\u00e9rentes collectivit\u00e9s, que nous remercions, sans omettre la participation actives des membres de la coll\u00e9giale et d&rsquo;adh\u00e9rent motiv\u00e9s.<\/p>\n<p>Notre ambition est de d\u00e9velopper notre offre mais aussi de pouvoir proposer des activit\u00e9s dans les diff\u00e9rentes villes situ\u00e9es autour de notre si\u00e8ge sociale.<\/p>\n<p>Pour cela, nous sollicitons votre aide, qu&rsquo;elle soit p\u00e9cuniaire ou par la mise \u00e0 disposition ou don de mat\u00e9riel selon votre choix.<\/p>\n<p>\u00a0N&rsquo;h\u00e9sitez pas \u00e0 nous contacter pour nous proposer votre aide!<\/p>\n<p>&nbsp;<\/p>\n<p>[\/et_pb_text][\/et_pb_column][\/et_pb_row][\/et_pb_section][et_pb_section fb_built=\u00a0\u00bb1&Prime; admin_label=\u00a0\u00bbPricing\u00a0\u00bb _builder_version=\u00a0\u00bb4.16&Prime; _module_preset=\u00a0\u00bbdefault\u00a0\u00bb background_color=\u00a0\u00bb#FFF2F2&Prime; custom_padding=\u00a0\u00bb2px||5vw||false|false\u00a0\u00bb global_colors_info=\u00a0\u00bb{%22gcid-185e9708-5f9d-42cd-b06f-f01f6aab5e69%22:%91%22background_color%22%93}\u00a0\u00bb][et_pb_row _builder_version=\u00a0\u00bb4.16&Prime; _module_preset=\u00a0\u00bbdefault\u00a0\u00bb custom_padding=\u00a0\u00bb10px||0px|||\u00a0\u00bb global_colors_info=\u00a0\u00bb{}\u00a0\u00bb][et_pb_column type=\u00a0\u00bb4_4&Prime; _builder_version=\u00a0\u00bb4.16&Prime; _module_preset=\u00a0\u00bbdefault\u00a0\u00bb global_colors_info=\u00a0\u00bb{}\u00a0\u00bb][et_pb_text _builder_version=\u00a0\u00bb4.16&Prime; _module_preset=\u00a0\u00bbdf96b77a-cd4f-44a8-a771-2d6347592b53&Prime; header_2_font=\u00a0\u00bbHeebo|700|||||||\u00a0\u00bb header_2_text_color=\u00a0\u00bb#15414a\u00a0\u00bb header_2_font_size=\u00a0\u00bb55px\u00a0\u00bb header_2_line_height=\u00a0\u00bb1.1em\u00a0\u00bb custom_margin=\u00a0\u00bb||10px||false|false\u00a0\u00bb header_2_font_size_tablet=\u00a0\u00bb32px\u00a0\u00bb header_2_font_size_phone=\u00a0\u00bb20px\u00a0\u00bb header_2_font_size_last_edited=\u00a0\u00bbon|desktop\u00a0\u00bb locked=\u00a0\u00bboff\u00a0\u00bb global_colors_info=\u00a0\u00bb{}\u00a0\u00bb]<\/p>\n<h2>Rejoignez nous !<\/h2>\n<h2><\/h2>\n<p>[\/et_pb_text][\/et_pb_column][\/et_pb_row][et_pb_row column_structure=\u00a0\u00bb2_3,1_3&Prime; _builder_version=\u00a0\u00bb4.16&Prime; _module_preset=\u00a0\u00bbdefault\u00a0\u00bb locked=\u00a0\u00bboff\u00a0\u00bb global_colors_info=\u00a0\u00bb{}\u00a0\u00bb][et_pb_column type=\u00a0\u00bb2_3&Prime; _builder_version=\u00a0\u00bb4.16&Prime; _module_preset=\u00a0\u00bbdefault\u00a0\u00bb global_colors_info=\u00a0\u00bb{}\u00a0\u00bb][et_pb_text _builder_version=\u00a0\u00bb4.25.1&Prime; _module_preset=\u00a0\u00bb03ed4834-a81a-41ec-bfd6-98a6a9949751&Prime; header_font=\u00a0\u00bb||||||||\u00a0\u00bb header_3_font=\u00a0\u00bbHeebo|700|||||||\u00a0\u00bb header_3_text_color=\u00a0\u00bb#15414a\u00a0\u00bb header_3_font_size=\u00a0\u00bb30px\u00a0\u00bb header_3_line_height=\u00a0\u00bb1.3em\u00a0\u00bb custom_margin=\u00a0\u00bb||10px||false|false\u00a0\u00bb header_3_font_size_tablet=\u00a0\u00bb20px\u00a0\u00bb header_3_font_size_phone=\u00a0\u00bb16px\u00a0\u00bb header_3_font_size_last_edited=\u00a0\u00bbon|phone\u00a0\u00bb global_colors_info=\u00a0\u00bb{}\u00a0\u00bb]<\/p>\n<h3>Simplement nous contactant :<\/h3>\n<p>[\/et_pb_text][et_pb_text _builder_version=\u00a0\u00bb4.16&Prime; _module_preset=\u00a0\u00bb41d5859c-fbaa-458a-88e4-5d886857f235&Prime; text_font=\u00a0\u00bbInter||||||||\u00a0\u00bb text_text_color=\u00a0\u00bb#15414a\u00a0\u00bb text_font_size=\u00a0\u00bb18px\u00a0\u00bb text_line_height=\u00a0\u00bb1.8em\u00a0\u00bb text_font_size_tablet=\u00a0\u00bb16px\u00a0\u00bb text_font_size_phone=\u00a0\u00bb14px\u00a0\u00bb text_font_size_last_edited=\u00a0\u00bbon|phone\u00a0\u00bb global_colors_info=\u00a0\u00bb{}\u00a0\u00bb]<\/p>\n<p>Par mail \u00e0 : <a href=\"mailto:utlduranceprovence04@gmail.com\"><strong><span class=\"OYPEnA text-decoration-none text-strikethrough-none\">utlduranceprovence04@gmail.com<\/span><\/strong><\/a><\/p>\n<p>Par t\u00e9l\u00e9phone : <span style=\"color: #2ea3f2;\"><strong>07 48 77 99 93<\/strong><\/span><\/p>\n<p>Et m\u00eame par courrier \u00e0 : <span style=\"color: #2ea3f2;\"><strong>UTL &#8211; 3bis place de la Mairie &#8211; 04200 Peipin<\/strong><\/span><\/p>\n<p>&nbsp;<\/p>\n<p>[\/et_pb_text][\/et_pb_column][et_pb_column type=\u00a0\u00bb1_3&Prime; _builder_version=\u00a0\u00bb4.16&Prime; _module_preset=\u00a0\u00bbdefault\u00a0\u00bb global_colors_info=\u00a0\u00bb{}\u00a0\u00bb][\/et_pb_column][\/et_pb_row][\/et_pb_section][et_pb_section fb_built=\u00a0\u00bb1&Prime; admin_label=\u00a0\u00bbFooter\u00a0\u00bb _builder_version=\u00a0\u00bb4.16&Prime; _module_preset=\u00a0\u00bbdefault\u00a0\u00bb background_color=\u00a0\u00bb#FFF2F2&Prime; custom_padding=\u00a0\u00bb5vw||||false|false\u00a0\u00bb global_colors_info=\u00a0\u00bb{%22gcid-bafd0c31-2a11-4c7d-b3a8-caae4a4218d9%22:%91%22background_color%22%93}\u00a0\u00bb][et_pb_row column_structure=\u00a0\u00bb1_2,1_2&Prime; _builder_version=\u00a0\u00bb4.16&Prime; _module_preset=\u00a0\u00bbdefault\u00a0\u00bb global_colors_info=\u00a0\u00bb{}\u00a0\u00bb][et_pb_column type=\u00a0\u00bb1_2&Prime; _builder_version=\u00a0\u00bb4.16&Prime; _module_preset=\u00a0\u00bbdefault\u00a0\u00bb global_colors_info=\u00a0\u00bb{}\u00a0\u00bb][\/et_pb_column][et_pb_column type=\u00a0\u00bb1_2&Prime; _builder_version=\u00a0\u00bb4.16&Prime; _module_preset=\u00a0\u00bbdefault\u00a0\u00bb global_colors_info=\u00a0\u00bb{}\u00a0\u00bb][et_pb_image src=\u00a0\u00bbhttps:\/\/utl-durance-provence.com\/wp-content\/uploads\/2023\/10\/book-club_illustration-1-1.png\u00a0\u00bb title_text=\u00a0\u00bbbook-club_illustration-1&Prime; _builder_version=\u00a0\u00bb4.16&Prime; _module_preset=\u00a0\u00bbdefault\u00a0\u00bb custom_margin=\u00a0\u00bb-38%|-10vw|||false|false\u00a0\u00bb custom_margin_tablet=\u00a0\u00bb0vw|0vw|||false|false\u00a0\u00bb custom_margin_phone=\u00a0\u00bb0vw|0vw|||false|false\u00a0\u00bb custom_margin_last_edited=\u00a0\u00bbon|phone\u00a0\u00bb global_colors_info=\u00a0\u00bb{}\u00a0\u00bb][\/et_pb_image][\/et_pb_column][\/et_pb_row][\/et_pb_section]<\/p>\n","protected":false},"excerpt":{"rendered":"<p>Devenir Partenaires!Votre participation est essentielle Notre objectifs est le partage de la culture, du savoir par l&rsquo;\u00e9change des connaissances. Nous existons gr\u00e2ce \u00e0 nos membres, \u00e0 nos partenaires et aux aides re\u00e7us des diff\u00e9rentes collectivit\u00e9s, que nous remercions, sans omettre la participation actives des membres de la coll\u00e9giale et d&rsquo;adh\u00e9rent motiv\u00e9s. Notre ambition est de [&hellip;]<\/p>\n","protected":false},"author":1,"featured_media":0,"parent":500,"menu_order":0,"comment_status":"closed","ping_status":"closed","template":"","meta":{"_et_pb_use_builder":"on","_et_pb_old_content":"<!-- wp:divi\/placeholder \/-->","_et_gb_content_width":"","footnotes":""},"class_list":["post-502","page","type-page","status-publish","hentry"],"yoast_head":"<!-- This site is optimized with the Yoast SEO plugin v27.6 - https:\/\/yoast.com\/product\/yoast-seo-wordpress\/ -->\n<title>Devenir partenaires - UTL Durance Provence<\/title>\n<meta name=\"robots\" content=\"index, follow, max-snippet:-1, max-image-preview:large, max-video-preview:-1\" \/>\n<link rel=\"canonical\" href=\"https:\/\/utl-durance-provence.com\/?page_id=502\" \/>\n<meta property=\"og:locale\" content=\"fr_FR\" \/>\n<meta property=\"og:type\" content=\"article\" \/>\n<meta property=\"og:title\" content=\"Devenir partenaires - UTL Durance Provence\" \/>\n<meta property=\"og:description\" content=\"Devenir Partenaires!Votre participation est essentielle Notre objectifs est le partage de la culture, du savoir par l&#039;\u00e9change des connaissances. Nous existons gr\u00e2ce \u00e0 nos membres, \u00e0 nos partenaires et aux aides re\u00e7us des diff\u00e9rentes collectivit\u00e9s, que nous remercions, sans omettre la participation actives des membres de la coll\u00e9giale et d&#039;adh\u00e9rent motiv\u00e9s. Notre ambition est de [&hellip;]\" \/>\n<meta property=\"og:url\" content=\"https:\/\/utl-durance-provence.com\/?page_id=502\" \/>\n<meta property=\"og:site_name\" content=\"UTL Durance Provence\" \/>\n<meta property=\"article:modified_time\" content=\"2024-12-23T08:39:41+00:00\" \/>\n<meta name=\"twitter:card\" content=\"summary_large_image\" \/>\n<script type=\"application\/ld+json\" class=\"yoast-schema-graph\">{\"@context\":\"https:\\\/\\\/schema.org\",\"@graph\":[{\"@type\":\"WebPage\",\"@id\":\"https:\\\/\\\/utl-durance-provence.com\\\/?page_id=502\",\"url\":\"https:\\\/\\\/utl-durance-provence.com\\\/?page_id=502\",\"name\":\"Devenir partenaires - UTL Durance Provence\",\"isPartOf\":{\"@id\":\"https:\\\/\\\/utl-durance-provence.com\\\/#website\"},\"datePublished\":\"2023-11-06T08:39:00+00:00\",\"dateModified\":\"2024-12-23T08:39:41+00:00\",\"breadcrumb\":{\"@id\":\"https:\\\/\\\/utl-durance-provence.com\\\/?page_id=502#breadcrumb\"},\"inLanguage\":\"fr-FR\",\"potentialAction\":[{\"@type\":\"ReadAction\",\"target\":[\"https:\\\/\\\/utl-durance-provence.com\\\/?page_id=502\"]}]},{\"@type\":\"BreadcrumbList\",\"@id\":\"https:\\\/\\\/utl-durance-provence.com\\\/?page_id=502#breadcrumb\",\"itemListElement\":[{\"@type\":\"ListItem\",\"position\":1,\"name\":\"Accueil\",\"item\":\"https:\\\/\\\/utl-durance-provence.com\\\/\"},{\"@type\":\"ListItem\",\"position\":2,\"name\":\"Partenaires\",\"item\":\"https:\\\/\\\/utl-durance-provence.com\\\/?page_id=500\"},{\"@type\":\"ListItem\",\"position\":3,\"name\":\"Devenir partenaires\"}]},{\"@type\":\"WebSite\",\"@id\":\"https:\\\/\\\/utl-durance-provence.com\\\/#website\",\"url\":\"https:\\\/\\\/utl-durance-provence.com\\\/\",\"name\":\"UTL Durance Provence\",\"description\":\"Se Former, Savoir, Echanger, Apprendre\",\"potentialAction\":[{\"@type\":\"SearchAction\",\"target\":{\"@type\":\"EntryPoint\",\"urlTemplate\":\"https:\\\/\\\/utl-durance-provence.com\\\/?s={search_term_string}\"},\"query-input\":{\"@type\":\"PropertyValueSpecification\",\"valueRequired\":true,\"valueName\":\"search_term_string\"}}],\"inLanguage\":\"fr-FR\"}]}<\/script>\n<!-- \/ Yoast SEO plugin. -->","yoast_head_json":{"title":"Devenir partenaires - UTL Durance Provence","robots":{"index":"index","follow":"follow","max-snippet":"max-snippet:-1","max-image-preview":"max-image-preview:large","max-video-preview":"max-video-preview:-1"},"canonical":"https:\/\/utl-durance-provence.com\/?page_id=502","og_locale":"fr_FR","og_type":"article","og_title":"Devenir partenaires - UTL Durance Provence","og_description":"Devenir Partenaires!Votre participation est essentielle Notre objectifs est le partage de la culture, du savoir par l'\u00e9change des connaissances. Nous existons gr\u00e2ce \u00e0 nos membres, \u00e0 nos partenaires et aux aides re\u00e7us des diff\u00e9rentes collectivit\u00e9s, que nous remercions, sans omettre la participation actives des membres de la coll\u00e9giale et d'adh\u00e9rent motiv\u00e9s. Notre ambition est de [&hellip;]","og_url":"https:\/\/utl-durance-provence.com\/?page_id=502","og_site_name":"UTL Durance Provence","article_modified_time":"2024-12-23T08:39:41+00:00","twitter_card":"summary_large_image","schema":{"@context":"https:\/\/schema.org","@graph":[{"@type":"WebPage","@id":"https:\/\/utl-durance-provence.com\/?page_id=502","url":"https:\/\/utl-durance-provence.com\/?page_id=502","name":"Devenir partenaires - UTL Durance Provence","isPartOf":{"@id":"https:\/\/utl-durance-provence.com\/#website"},"datePublished":"2023-11-06T08:39:00+00:00","dateModified":"2024-12-23T08:39:41+00:00","breadcrumb":{"@id":"https:\/\/utl-durance-provence.com\/?page_id=502#breadcrumb"},"inLanguage":"fr-FR","potentialAction":[{"@type":"ReadAction","target":["https:\/\/utl-durance-provence.com\/?page_id=502"]}]},{"@type":"BreadcrumbList","@id":"https:\/\/utl-durance-provence.com\/?page_id=502#breadcrumb","itemListElement":[{"@type":"ListItem","position":1,"name":"Accueil","item":"https:\/\/utl-durance-provence.com\/"},{"@type":"ListItem","position":2,"name":"Partenaires","item":"https:\/\/utl-durance-provence.com\/?page_id=500"},{"@type":"ListItem","position":3,"name":"Devenir partenaires"}]},{"@type":"WebSite","@id":"https:\/\/utl-durance-provence.com\/#website","url":"https:\/\/utl-durance-provence.com\/","name":"UTL Durance Provence","description":"Se Former, Savoir, Echanger, Apprendre","potentialAction":[{"@type":"SearchAction","target":{"@type":"EntryPoint","urlTemplate":"https:\/\/utl-durance-provence.com\/?s={search_term_string}"},"query-input":{"@type":"PropertyValueSpecification","valueRequired":true,"valueName":"search_term_string"}}],"inLanguage":"fr-FR"}]}},"jetpack_sharing_enabled":true,"_links":{"self":[{"href":"https:\/\/utl-durance-provence.com\/index.php?rest_route=\/wp\/v2\/pages\/502","targetHints":{"allow":["GET"]}}],"collection":[{"href":"https:\/\/utl-durance-provence.com\/index.php?rest_route=\/wp\/v2\/pages"}],"about":[{"href":"https:\/\/utl-durance-provence.com\/index.php?rest_route=\/wp\/v2\/types\/page"}],"author":[{"embeddable":true,"href":"https:\/\/utl-durance-provence.com\/index.php?rest_route=\/wp\/v2\/users\/1"}],"replies":[{"embeddable":true,"href":"https:\/\/utl-durance-provence.com\/index.php?rest_route=%2Fwp%2Fv2%2Fcomments&post=502"}],"version-history":[{"count":9,"href":"https:\/\/utl-durance-provence.com\/index.php?rest_route=\/wp\/v2\/pages\/502\/revisions"}],"predecessor-version":[{"id":1076,"href":"https:\/\/utl-durance-provence.com\/index.php?rest_route=\/wp\/v2\/pages\/502\/revisions\/1076"}],"up":[{"embeddable":true,"href":"https:\/\/utl-durance-provence.com\/index.php?rest_route=\/wp\/v2\/pages\/500"}],"wp:attachment":[{"href":"https:\/\/utl-durance-provence.com\/index.php?rest_route=%2Fwp%2Fv2%2Fmedia&parent=502"}],"curies":[{"name":"wp","href":"https:\/\/api.w.org\/{rel}","templated":true}]}}